{"id":20,"date":"2020-05-16T16:24:13","date_gmt":"2020-05-16T16:24:13","guid":{"rendered":"http:\/\/casadosprimos.pt\/?page_id=20"},"modified":"2021-02-28T06:50:05","modified_gmt":"2021-02-28T06:50:05","slug":"parcerias","status":"publish","type":"page","link":"https:\/\/casadosprimos.pt\/?page_id=20","title":{"rendered":"Conhecer a regi\u00e3o"},"content":{"rendered":"\n<p>A \u201cCasa dos Primos\u201d situa-se na freguesia de Muxagata, concelho de Vila Nova de Foz C\u00f4a. Nesta aldeia, encontramos vest\u00edgios da pr\u00e9-hist\u00f3ria e romaniza\u00e7\u00e3o: gravuras rupestres do Paleol\u00edtico Superior (na ribeira de Piscos) e vest\u00edgios intensos da romaniza\u00e7\u00e3o (fonte da Concelha, por exemplo).<\/p>\n\n\n\n<p>O solo magn\u00edfico e rico, a  proximidade aos rios C\u00f4a e Douro e a sua exposi\u00e7\u00e3o solar fez com que as quintas vin\u00edcolas seculares aqui se mantenham e que outras nas\u00e7am.<\/p>\n\n\n\n<p>Vila Nova de Foz C\u00f4a, dois Patrim\u00f3nios da Humanidade: a regi\u00e3o demarcada do Alto Douro Vinhateiro e o Parque Arqueol\u00f3gico do Vale do C\u00f4a. Os atrativos tur\u00edsticos que comp\u00f5em esta regi\u00e3o s\u00e3o diversificados e de uma riqueza patrimonial inegual\u00e1vel: desde as gravuras rupestres, \u00e0s belas paisagens vin\u00edcolas com os socalcos, \u00e0 fauna e flora desta regi\u00e3o&#8230;vai adorar! Turismo de natureza, turismo cultural, patrimonial e gastron\u00f3mico: esta regi\u00e3o tem tudo! <\/p>\n\n\n\n<p>Absorva o ar puro, fa\u00e7a uma visita \u00e0 nossa aldeia e conhe\u00e7a gente boa, de bons costumes e partilhas. Se nos visitar na altura das vindimas, v\u00e1 connosco!<\/p>\n\n\n\n<p>Seja bem vindo!<\/p>\n","protected":false},"excerpt":{"rendered":"<p>A \u201cCasa dos Primos\u201d situa-se na freguesia de Muxagata, concelho de Vila Nova de Foz C\u00f4a. Nesta aldeia, encontramos vest\u00edgios da pr\u00e9-hist\u00f3ria e romaniza\u00e7\u00e3o: gravuras rupestres do Paleol\u00edtico Superior (na ribeira de Piscos) e vest\u00edgios intensos da romaniza\u00e7\u00e3o (fonte da Concelha, por exemplo). O solo magn\u00edfico e rico, a proximidade aos rios C\u00f4a e Douro &hellip; <\/p>\n","protected":false},"author":1,"featured_media":90,"parent":0,"menu_order":0,"comment_status":"closed","ping_status":"closed","template":"","meta":{"footnotes":""},"class_list":["post-20","page","type-page","status-publish","has-post-thumbnail","hentry"],"_links":{"self":[{"href":"https:\/\/casadosprimos.pt\/index.php?rest_route=\/wp\/v2\/pages\/20","targetHints":{"allow":["GET"]}}],"collection":[{"href":"https:\/\/casadosprimos.pt\/index.php?rest_route=\/wp\/v2\/pages"}],"about":[{"href":"https:\/\/casadosprimos.pt\/index.php?rest_route=\/wp\/v2\/types\/page"}],"author":[{"embeddable":true,"href":"https:\/\/casadosprimos.pt\/index.php?rest_route=\/wp\/v2\/users\/1"}],"replies":[{"embeddable":true,"href":"https:\/\/casadosprimos.pt\/index.php?rest_route=%2Fwp%2Fv2%2Fcomments&post=20"}],"version-history":[{"count":3,"href":"https:\/\/casadosprimos.pt\/index.php?rest_route=\/wp\/v2\/pages\/20\/revisions"}],"predecessor-version":[{"id":179,"href":"https:\/\/casadosprimos.pt\/index.php?rest_route=\/wp\/v2\/pages\/20\/revisions\/179"}],"wp:featuredmedia":[{"embeddable":true,"href":"https:\/\/casadosprimos.pt\/index.php?rest_route=\/wp\/v2\/media\/90"}],"wp:attachment":[{"href":"https:\/\/casadosprimos.pt\/index.php?rest_route=%2Fwp%2Fv2%2Fmedia&parent=20"}],"curies":[{"name":"wp","href":"https:\/\/api.w.org\/{rel}","templated":true}]}}