{"id":17,"date":"2020-05-16T16:24:13","date_gmt":"2020-05-16T16:24:13","guid":{"rendered":"http:\/\/casadosprimos.pt\/?page_id=17"},"modified":"2020-07-11T14:57:17","modified_gmt":"2020-07-11T13:57:17","slug":"sustentabilidade","status":"publish","type":"page","link":"https:\/\/casadosprimos.pt\/?page_id=17","title":{"rendered":"Sustentabilidade"},"content":{"rendered":"\n<p>Asseguramos que a \u201cCasa dos Primos\u201d disp\u00f5e de todos os seus recursos nas suas melhores condi\u00e7\u00f5es estruturais e de limpeza, dos seus processos realizados de maneira correta de modo a cumprir todos os requisitos e pontos anteriormente referidos, de forma sustent\u00e1vel.<\/p>\n","protected":false},"excerpt":{"rendered":"<p>Asseguramos que a \u201cCasa dos Primos\u201d disp\u00f5e de todos os seus recursos nas suas melhores condi\u00e7\u00f5es estruturais e de limpeza, dos seus processos realizados de maneira correta de modo a cumprir todos os requisitos e pontos anteriormente referidos, de forma sustent\u00e1vel.<\/p>\n","protected":false},"author":1,"featured_media":95,"parent":0,"menu_order":0,"comment_status":"closed","ping_status":"closed","template":"","meta":{"footnotes":""},"class_list":["post-17","page","type-page","status-publish","has-post-thumbnail","hentry"],"_links":{"self":[{"href":"https:\/\/casadosprimos.pt\/index.php?rest_route=\/wp\/v2\/pages\/17","targetHints":{"allow":["GET"]}}],"collection":[{"href":"https:\/\/casadosprimos.pt\/index.php?rest_route=\/wp\/v2\/pages"}],"about":[{"href":"https:\/\/casadosprimos.pt\/index.php?rest_route=\/wp\/v2\/types\/page"}],"author":[{"embeddable":true,"href":"https:\/\/casadosprimos.pt\/index.php?rest_route=\/wp\/v2\/users\/1"}],"replies":[{"embeddable":true,"href":"https:\/\/casadosprimos.pt\/index.php?rest_route=%2Fwp%2Fv2%2Fcomments&post=17"}],"version-history":[{"count":3,"href":"https:\/\/casadosprimos.pt\/index.php?rest_route=\/wp\/v2\/pages\/17\/revisions"}],"predecessor-version":[{"id":167,"href":"https:\/\/casadosprimos.pt\/index.php?rest_route=\/wp\/v2\/pages\/17\/revisions\/167"}],"wp:featuredmedia":[{"embeddable":true,"href":"https:\/\/casadosprimos.pt\/index.php?rest_route=\/wp\/v2\/media\/95"}],"wp:attachment":[{"href":"https:\/\/casadosprimos.pt\/index.php?rest_route=%2Fwp%2Fv2%2Fmedia&parent=17"}],"curies":[{"name":"wp","href":"https:\/\/api.w.org\/{rel}","templated":true}]}}