{"id":14,"date":"2020-05-16T16:24:13","date_gmt":"2020-05-16T16:24:13","guid":{"rendered":"http:\/\/casadosprimos.pt\/?page_id=14"},"modified":"2020-07-11T16:19:53","modified_gmt":"2020-07-11T15:19:53","slug":"missao","status":"publish","type":"page","link":"https:\/\/casadosprimos.pt\/?page_id=14","title":{"rendered":"Miss\u00e3o"},"content":{"rendered":"\n<p class=\"has-text-align-left\">A &#8220;Casa dos Primos&#8221; \u00e9 uma unidade de alojamento local associada \u00e0 ruralidade e natureza. Apostamos num projeto sustent\u00e1vel, familiar, tranquilo e diferente. Esperamos que traga a quem nos visita uma experi\u00eancia \u00fanica que deixe vontade de voltar.<\/p>\n\n\n\n<p><\/p>\n","protected":false},"excerpt":{"rendered":"<p>A &#8220;Casa dos Primos&#8221; \u00e9 uma unidade de alojamento local associada \u00e0 ruralidade e natureza. Apostamos num projeto sustent\u00e1vel, familiar, tranquilo e diferente. Esperamos que traga a quem nos visita uma experi\u00eancia \u00fanica que deixe vontade de voltar.<\/p>\n","protected":false},"author":1,"featured_media":75,"parent":0,"menu_order":0,"comment_status":"closed","ping_status":"closed","template":"","meta":{"footnotes":""},"class_list":["post-14","page","type-page","status-publish","has-post-thumbnail","hentry"],"_links":{"self":[{"href":"https:\/\/casadosprimos.pt\/index.php?rest_route=\/wp\/v2\/pages\/14","targetHints":{"allow":["GET"]}}],"collection":[{"href":"https:\/\/casadosprimos.pt\/index.php?rest_route=\/wp\/v2\/pages"}],"about":[{"href":"https:\/\/casadosprimos.pt\/index.php?rest_route=\/wp\/v2\/types\/page"}],"author":[{"embeddable":true,"href":"https:\/\/casadosprimos.pt\/index.php?rest_route=\/wp\/v2\/users\/1"}],"replies":[{"embeddable":true,"href":"https:\/\/casadosprimos.pt\/index.php?rest_route=%2Fwp%2Fv2%2Fcomments&post=14"}],"version-history":[{"count":7,"href":"https:\/\/casadosprimos.pt\/index.php?rest_route=\/wp\/v2\/pages\/14\/revisions"}],"predecessor-version":[{"id":171,"href":"https:\/\/casadosprimos.pt\/index.php?rest_route=\/wp\/v2\/pages\/14\/revisions\/171"}],"wp:featuredmedia":[{"embeddable":true,"href":"https:\/\/casadosprimos.pt\/index.php?rest_route=\/wp\/v2\/media\/75"}],"wp:attachment":[{"href":"https:\/\/casadosprimos.pt\/index.php?rest_route=%2Fwp%2Fv2%2Fmedia&parent=14"}],"curies":[{"name":"wp","href":"https:\/\/api.w.org\/{rel}","templated":true}]}}